{"id":8607,"date":"2020-10-04T15:25:43","date_gmt":"2020-10-04T15:25:43","guid":{"rendered":"https:\/\/dev.45aid.org\/?page_id=8607"},"modified":"2021-04-11T13:19:55","modified_gmt":"2021-04-11T13:19:55","slug":"ort","status":"publish","type":"page","link":"https:\/\/dev.45aid.org\/COPYLIVE\/history\/hostels\/ort\/","title":{"rendered":"London ORT School and Training Ship"},"content":{"rendered":"<div id=\"pl-8607\"  class=\"panel-layout\" ><div id=\"pg-8607-0\"  class=\"panel-grid panel-no-style\" ><div id=\"pgc-8607-0-0\"  class=\"panel-grid-cell\" ><div id=\"panel-8607-0-0-0\" class=\"so-panel widget widget_sow-editor panel-first-child panel-last-child\" data-index=\"0\" ><div class=\"panel-widget-style panel-widget-style-for-8607-0-0-0\" ><div\n\t\t\t\n\t\t\tclass=\"so-widget-sow-editor so-widget-sow-editor-base\"\n\t\t\t\n\t\t>\n<div class=\"siteorigin-widget-tinymce textwidget\">\n\t<div class=\"su-image-carousel  su-image-carousel-has-spacing su-image-carousel-crop su-image-carousel-crop-4-3 su-image-carousel-has-outline su-image-carousel-adaptive su-image-carousel-slides-style-photo su-image-carousel-controls-style-dark su-image-carousel-align-center\" style=\"\" data-flickity-options='{\"groupCells\":true,\"cellSelector\":\".su-image-carousel-item\",\"adaptiveHeight\":false,\"cellAlign\":\"left\",\"prevNextButtons\":true,\"pageDots\":false,\"autoPlay\":5000,\"imagesLoaded\":true,\"contain\":true,\"selectedAttraction\":0.025,\"friction\":0.28}' id=\"su_image_carousel_69f3ef18e5977\"><div class=\"su-image-carousel-item\"><div class=\"su-image-carousel-item-content\"><img width=\"720\" height=\"508\" src=\"https:\/\/dev.45aid.org\/COPYLIVE\/wp-content\/uploads\/2021\/04\/ORT-1024x723.jpg\" class=\"\" alt=\"\" decoding=\"async\" loading=\"lazy\" srcset=\"https:\/\/dev.45aid.org\/COPYLIVE\/wp-content\/uploads\/2021\/04\/ORT-1024x723.jpg 1024w, https:\/\/dev.45aid.org\/COPYLIVE\/wp-content\/uploads\/2021\/04\/ORT-300x212.jpg 300w, https:\/\/dev.45aid.org\/COPYLIVE\/wp-content\/uploads\/2021\/04\/ORT-768x542.jpg 768w, https:\/\/dev.45aid.org\/COPYLIVE\/wp-content\/uploads\/2021\/04\/ORT.jpg 1037w\" sizes=\"(max-width: 720px) 100vw, 720px\" \/><span><\/span><\/div><\/div><div class=\"su-image-carousel-item\"><div class=\"su-image-carousel-item-content\"><img width=\"668\" height=\"1024\" src=\"https:\/\/dev.45aid.org\/COPYLIVE\/wp-content\/uploads\/2020\/10\/ORT-Zenek-Swartzenberg-in-the-ORT-Marine-school-Courtesy-Sean-Hill-Schwarzenbergs-grandson-copy05-668x1024.jpeg\" class=\"\" alt=\"\" decoding=\"async\" loading=\"lazy\" srcset=\"https:\/\/dev.45aid.org\/COPYLIVE\/wp-content\/uploads\/2020\/10\/ORT-Zenek-Swartzenberg-in-the-ORT-Marine-school-Courtesy-Sean-Hill-Schwarzenbergs-grandson-copy05-668x1024.jpeg 668w, https:\/\/dev.45aid.org\/COPYLIVE\/wp-content\/uploads\/2020\/10\/ORT-Zenek-Swartzenberg-in-the-ORT-Marine-school-Courtesy-Sean-Hill-Schwarzenbergs-grandson-copy05-196x300.jpeg 196w, https:\/\/dev.45aid.org\/COPYLIVE\/wp-content\/uploads\/2020\/10\/ORT-Zenek-Swartzenberg-in-the-ORT-Marine-school-Courtesy-Sean-Hill-Schwarzenbergs-grandson-copy05-768x1177.jpeg 768w, https:\/\/dev.45aid.org\/COPYLIVE\/wp-content\/uploads\/2020\/10\/ORT-Zenek-Swartzenberg-in-the-ORT-Marine-school-Courtesy-Sean-Hill-Schwarzenbergs-grandson-copy05.jpeg 921w\" sizes=\"(max-width: 668px) 100vw, 668px\" \/><span><\/span><\/div><\/div><div class=\"su-image-carousel-item\"><div class=\"su-image-carousel-item-content\"><img width=\"676\" height=\"380\" src=\"https:\/\/dev.45aid.org\/COPYLIVE\/wp-content\/uploads\/2020\/10\/ORT-p05a14904.jpg\" class=\"\" alt=\"\" decoding=\"async\" loading=\"lazy\" srcset=\"https:\/\/dev.45aid.org\/COPYLIVE\/wp-content\/uploads\/2020\/10\/ORT-p05a14904.jpg 676w, https:\/\/dev.45aid.org\/COPYLIVE\/wp-content\/uploads\/2020\/10\/ORT-p05a14904-300x169.jpg 300w\" sizes=\"(max-width: 676px) 100vw, 676px\" \/><span><\/span><\/div><\/div><div class=\"su-image-carousel-item\"><div class=\"su-image-carousel-item-content\"><img width=\"691\" height=\"441\" src=\"https:\/\/dev.45aid.org\/COPYLIVE\/wp-content\/uploads\/2020\/10\/ORT-p05a14803.jpg\" class=\"\" alt=\"\" decoding=\"async\" loading=\"lazy\" srcset=\"https:\/\/dev.45aid.org\/COPYLIVE\/wp-content\/uploads\/2020\/10\/ORT-p05a14803.jpg 691w, https:\/\/dev.45aid.org\/COPYLIVE\/wp-content\/uploads\/2020\/10\/ORT-p05a14803-300x191.jpg 300w\" sizes=\"(max-width: 691px) 100vw, 691px\" \/><span><\/span><\/div><\/div><div class=\"su-image-carousel-item\"><div class=\"su-image-carousel-item-content\"><img width=\"680\" height=\"432\" src=\"https:\/\/dev.45aid.org\/COPYLIVE\/wp-content\/uploads\/2020\/10\/ORT-left-Chaim-Kohn02.jpg\" class=\"\" alt=\"\" decoding=\"async\" loading=\"lazy\" srcset=\"https:\/\/dev.45aid.org\/COPYLIVE\/wp-content\/uploads\/2020\/10\/ORT-left-Chaim-Kohn02.jpg 680w, https:\/\/dev.45aid.org\/COPYLIVE\/wp-content\/uploads\/2020\/10\/ORT-left-Chaim-Kohn02-300x191.jpg 300w\" sizes=\"(max-width: 680px) 100vw, 680px\" \/><span><\/span><\/div><\/div><div class=\"su-image-carousel-item\"><div class=\"su-image-carousel-item-content\"><img width=\"720\" height=\"394\" src=\"https:\/\/dev.45aid.org\/COPYLIVE\/wp-content\/uploads\/2020\/10\/ORT-Image20-600dpi01-1024x560.jpg\" class=\"\" alt=\"\" decoding=\"async\" loading=\"lazy\" srcset=\"https:\/\/dev.45aid.org\/COPYLIVE\/wp-content\/uploads\/2020\/10\/ORT-Image20-600dpi01-1024x560.jpg 1024w, https:\/\/dev.45aid.org\/COPYLIVE\/wp-content\/uploads\/2020\/10\/ORT-Image20-600dpi01-300x164.jpg 300w, https:\/\/dev.45aid.org\/COPYLIVE\/wp-content\/uploads\/2020\/10\/ORT-Image20-600dpi01-768x420.jpg 768w, https:\/\/dev.45aid.org\/COPYLIVE\/wp-content\/uploads\/2020\/10\/ORT-Image20-600dpi01.jpg 1378w\" sizes=\"(max-width: 720px) 100vw, 720px\" \/><span><\/span><\/div><\/div><\/div><script id=\"su_image_carousel_69f3ef18e5977_script\">if(window.SUImageCarousel){setTimeout(function() {window.SUImageCarousel.initGallery(document.getElementById(\"su_image_carousel_69f3ef18e5977\"))}, 0);}var su_image_carousel_69f3ef18e5977_script=document.getElementById(\"su_image_carousel_69f3ef18e5977_script\");if(su_image_carousel_69f3ef18e5977_script){su_image_carousel_69f3ef18e5977_script.parentNode.removeChild(su_image_carousel_69f3ef18e5977_script);}<\/script>\n<\/div>\n<\/div><\/div><\/div><\/div><\/div><div id=\"pg-8607-1\"  class=\"panel-grid panel-has-style\" ><div id=\"slidertop\" class=\"panel-row-style panel-row-style-for-8607-1\" ><div id=\"pgc-8607-1-0\"  class=\"panel-grid-cell\" ><div id=\"panel-8607-1-0-0\" class=\"so-panel widget widget_sow-editor panel-first-child panel-last-child\" data-index=\"1\" ><div\n\t\t\t\n\t\t\tclass=\"so-widget-sow-editor so-widget-sow-editor-base\"\n\t\t\t\n\t\t>\n<div class=\"siteorigin-widget-tinymce textwidget\">\n\t<h1>London Ort School And Ort Training Ship, Essex<\/h1>\n<p>The London ORT School was opened in South Kensington, London, in July 1946. It also had a merchant marine training ship, <em>the Joseph Hertz <\/em>near London<em>, <\/em>in Grays, Essex.<\/p>\n<p>ORT, from the Russian \u00d3bchestvo Rem\u00e9slenava Trud\u00e1, or Society for Trades and Agricultural Labour, was set up in St. Petersburg in 1880 to provide professional and vocational training for Jewish youth. As a philanthropic organization, it assisted Jewish artisans, workers and cooperatives and soon developed into a worldwide network. In the 1900s, it began to open its own vocational schools.<\/p>\n<p>Vocational training was widely used in the Displaced Persons camps in Europe after the war as it was believed that it was the best way for adolescents and children to process trauma. The experience was also an important tool in group bonding.<\/p>\n<h3>THE ORT STORY<\/h3>\n<p>British ORT was set up in 1921 and was based on New Cavendish Street, London. In its early years it focused on fundraising.<\/p>\n<p>This situation changed abruptly on 29 August 1939, two days before the outbreak of the Second World War, when 104 teenage students and seven teachers from the ORT school in Berlin left Charlottenburg Station on a train heading for London. The Berlin school eventually found a home in Leeds and was funded by the American Jewish Joint Distribution Committee until it lost its funding after the United States entered the war in 1941 and closed down as a result.<\/p>\n<p>In Britain, vocational courses were part of the <a href=\"\/history\/the-boys-story\/a-z-of-key-figures\/\">Committee for the Care of the Concentration Camp Children<\/a>'s ethos of collective living within a Jewish environment and provided adolescent survivors with a sense of belonging and re-enforced their Jewish identity. The ORT school was designed as temporary measure to enable refugees to support themselves in a country in which they should eventually settle.<\/p>\n<p>The training was conducted in English and provided the students with the vocabulary they needed for the world of work. In the first year, male students were given all-round engineering training and in the second they received specialised tuition in general engineering, tool making, electrical work, woodwork or radio mechanics. Aside from technical training, students also attended classes in mathematics and history. At graduation, each pupil was provided with a set of tools to practice their trade. There were also short intensive courses for students preparing for emigration.<\/p>\n<p>ORT had two other ventures. It made a grant of \u00a31000 to <a href=\"\/history\/the-boys-story\/a-z-of-key-figures\/\">Bachad<\/a> to help set up <a href=\"\/history\/hostels\/thaxted-farm\/\">Thaxted Farm<\/a> in Essex. Then in October 1946, ORT set up a training farm with Hechalutz in Goldington, Bedford.<\/p>\n<p>ORT also ran a training ship, the <em>Joseph Hertz<\/em>, based at Grays, in Essex. Named in memory of the chief rabbi of the British Commonwealth between 1913 and 1946, the ship was run by the Jewish Marine League to prepare young men for careers as merchant navy officers and navigators.<\/p>\n<p>The first intake of twenty-one boys included seventeen former inmates of the Bergen-Belsen concentration camp. During their training the boys wore Royal Navy uniforms with a Star of David badge attached to their sleeves. Many of the Boys ultimately left for Israel where they served both in the merchant navy and later in the newly created Israeli navy.<\/p>\n<p>Training on the <em>Joseph Hertz<\/em> was terminated on 10 October 1947 and the Kensington School closed in July 1949, although an evening school offered classes in Belsize Lane from August 1949 to April 1954.<\/p>\n<p>ORT was a key element in creating the Boys. The ORT schools not only equipped students with new skills but gave them the confidence to imagine a future in which they could use them.<\/p>\n<\/div>\n<\/div><\/div><\/div><\/div><\/div><div id=\"pg-8607-2\"  class=\"panel-grid panel-no-style\" ><div id=\"pgc-8607-2-0\"  class=\"panel-grid-cell\" ><div id=\"panel-8607-2-0-0\" class=\"so-panel widget widget_codewidget panel-first-child panel-last-child\" data-index=\"2\" ><div class=\"code-widget\"><div style=\"margin-top: -25px;\"><h3>The Boys<\/h3>\n<div class=\"su-accordion su-u-trim\"><div class=\"su-spoiler su-spoiler-style-default su-spoiler-icon-plus hostelexpand su-spoiler-closed\" data-scroll-offset=\"0\" data-anchor-in-url=\"no\"><div class=\"su-spoiler-title\" tabindex=\"0\" role=\"button\"><span class=\"su-spoiler-icon\"><\/span>Click to view<\/div><div class=\"su-spoiler-content su-u-clearfix su-u-trim\">\n<strong>Click on the name to find out more about them.<\/strong><br>\n\n \t\n \t<ul class=\"hostal-boys-list\">\n\n    \t\t    \t\t    \t\t    \t\t    \t\t    \t\t    \t\t    \t\t    \t\t    \t\t    \t\t    \t\t    \t\t    \t\t    \t\t    \t\t    \t\t    \t\t    \t\t    \t\t    \t\t    \t\t    \t\t    \t\t    \t\t    \t\t    \t\t    \t\t    \t\t    \t\t    \t\t    \t\t    \t\t    \t\t    \t\t    \t\t    \t\t    \t\t    \t\t    \t\t    \t\t    \t\t    \t\t    \t\t    \t\t    \t\t    \t\t    \t\t    \t\t    \t\t    \t\t    \t\t    \t\t    \t\t    \t\t    \t\t    \t\t    \t\t    \t\t    \t\t    \t\t    \t\t    \t\t    \t\t    \t\t    \t\t    \t\t    \t\t    \t\t    \t\t    \t\t    \t\t    \t\t    \t\t    \t\t    \t\t    \t\t    \t\t    \t\t    \t\t    \t\t    \t\t    \t\t    \t\t    \t\t    \t\t    \t\t    \t\t    \t\t    \t\t    \t\t    \t\t    \t\t    \t\t    \t\t    \t\t    \t\t    \t\t    \t\t    \t\t    \t\t    \t\t    \t\t    \t\t    \t\t    \t\t    \t\t    \t\t    \t\t    \t\t    \t\t    \t\t    \t\t    \t\t    \t\t    \t\t    \t\t    \t\t    \t\t    \t\t    \t\t    \t\t    \t\t    \t\t    \t\t    \t\t    \t\t    \t\t    \t\t    \t\t    \t\t    \t\t    \t\t    \t\t    \t\t    \t\t    \t\t    \t\t    \t\t    \t\t    \t\t    \t\t    \t\t    \t\t    \t\t    \t\t    \t\t    \t\t    \t\t    \t\t    \t\t    \t\t    \t\t    \t\t    \t\t    \t\t    \t\t    \t\t    \t\t    \t\t    \t\t    \t\t    \t\t    \t\t    \t\t    \t\t    \t\t    \t\t    \t\t    \t\t    \t\t    \t\t    \t\t    \t\t    \t\t    \t\t    \t\t    \t\t    \t\t    \t\t    \t\t    \t\t    \t\t    \t\t    \t\t    \t\t    \t\t    \t\t    \t\t    \t\t    \t\t    \t\t    \t\t    \t\t    \t\t    \t\t    \t\t    \t\t    \t\t    \t\t    \t\t    \t\t    \t\t    \t\t    \t\t    \t\t    \t\t    \t\t    \t\t    \t\t    \t\t    \t\t    \t\t    \t\t    \t\t    \t\t    \t\t    \t\t    \t\t    \t\t    \t\t    \t\t    \t\t    \t\t    \t\t    \t\t    \t\t    \t\t    \t\t    \t\t    \t\t    \t\t    \t\t    \t\t    \t\t    \t\t    \t\t    \t\t    \t\t    \t\t    \t\t    \t\t    \t\t    \t\t    \t\t    \t\t    \t\t    \t\t    \t\t    \t\t    \t\t    \t\t    \t\t    \t\t    \t\t    \t\t    \t\t    \t\t    \t\t    \t\t    \t\t    \t\t    \t\t    \t\t    \t\t    \t\t    \t\t    \t\t    \t\t    \t\t    \t\t    \t\t    \t\t    \t\t    \t\t    \t\t    \t\t    \t\t    \t\t    \t\t    \t\t    \t\t    \t\t    \t\t    \t\t    \t\t    \t\t    \t\t    \t\t    \t\t    \t\t    \t\t    \t\t    \t\t    \t\t    \t\t    \t\t    \t\t    \t\t    \t\t    \t\t    \t\t    \t\t    \t\t    \t\t    \t\t    \t\t    \t\t    \t\t    \t\t    \t\t    \t\t    \t\t    \t\t    \t\t    \t\t    \t\t    \t\t    \t\t    \t\t    \t\t    \t\t    \t\t    \t\t    \t\t    \t\t    \t\t    \t\t    \t\t    \t\t    \t\t    \t\t    \t\t    \t\t    \t\t    \t\t    \t\t    \t\t    \t\t    \t\t    \t\t    \t\t    \t\t    \t\t    \t\t    \t\t    \t\t    \t\t    \t\t    \t\t    \t\t    \t\t    \t\t    \t\t    \t\t    \t\t    \t\t    \t\t    \t\t    \t\t    \t\t    \t\t    \t\t    \t\t    \t\t    \t\t    \t\t    \t\t    \t\t    \t\t    \t\t    \t\t    \t\t    \t\t    \t\t    \t\t    \t\t    \t\t    \t\t    \t\t    \t\t    \t\t    \t\t    \t\t    \t\t    \t\t    \t\t    \t\t    \t\t    \t\t    \t\t    \t\t    \t\t    \t\t    \t\t    \t\t    \t\t    \t\t    \t\t    \t\t    \t\t    \t\t    \t\t    \t\t    \t\t    \t\t    \t\t    \t\t    \t\t    \t\t    \t\t    \t\t    \t\t    \t\t    \t\t    \t\t    \t\t    \t\t    \t\t    \t\t    \t\t    \t\t    \t\t    \t\t    \t\t    \t\t    \t\t    \t\t    \t\t    \t\t    \t\t    \t\t    \t\t    \t\t    \t\t    \t\t    \t\t    \t\t    \t\t    \t\t    \t\t    \t\t    \t\t    \t\t    \t\t    \t\t    \t\t    \t\t    \t\t    \t\t    \t\t    \t\t    \t\t    \t\t    \t\t    \t\t    \t\t    \t\t    \t\t    \t\t    \t\t    \t\t    \t\t    \t\t    \t\t    \t\t    \t\t    \t\t    \t\t    \t\t    \t\t    \t\t    \t\t    \t\t    \t\t    \t\t    \t\t    \t\t    \t\t    \t\t    \t\t    \t\t    \t\t    \t\t    \t\t    \t\t    \t\t    \t\t    \t\t    \t\t    \t\t    \t\t    \t\t    \t\t    \t\t    \t\t    \t\t    \t\t    \t\t    \t\t    \t\t    \t\t    \t\t    \t\t    \t\t    \t\t    \t\t    \t\t    \t\t    \t\t    \t\t    \t\t    \t\t    \t\t    \t\t    \t\t    \t\t    \t\t    \t\t    \t\t    \t\t    \t\t    \t\t    \t\t    \t\t    \t\t    \t\t    \t\t    \t\t    \t\t    \t\t    \t\t    \t\t    \t\t    \t\t    \t\t    \t\t    \t\t    \t\t    \t\t    \t\t    \t\t    \t\t    \t\t    \t\t    \t\t    \t\t    \t\t    \t\t    \t\t    \t\t    \t\t    \t\t    \t\t    \t\t    \t\t    \t\t    \t\t    \t\t    \t\t    \t\t    \t\t    \t\t    \t\t    \t\t    \t\t    \t\t    \t\t    \t\t    \t\t    \t\t    \t\t    \t\t    \t\t    \t\t    \t\t    \t\t    \t\t    \t\t    \t\t    \t\t    \t\t    \t\t    \t\t    \t\t    \t\t    \t\t    \t\t    \t\t    \t\t    \t\t    \t\t    \t\t    \t\t    \t\t    \t\t    \t\t    \t\t    \t\t    \t\t    \t\t    \t\t    \t\t    \t\t    \t\t    \t\t    \t\t    \t\t    \t\t    \t\t    \t\t    \t\t    \t\t    \t\t    \t\t    \t\t    \t\t    \t\t    \t\t    \t\t    \t\t    \t\t    \t\t    \t\t    \t\t    \t\t    \t\t    \t\t    \t\t    \t\t    \t\t    \t\t    \t\t    \t\t    \t\t    \t\t    \t\t    \t\t    \t\t    \t\t    \t\t    \t\t    \t\t    \t\t    \t\t    \t\t    \t\t    \t\t    \t\t    \t\t    \t\t    \t\t    \t\t    \t\t    \t\t    \t\t    \t\t    \t\t    \t\t    \t\t    \t\t    \t\t    \t\t    \t\t    \t\t    \t\t    \t\t    \t\t    \t\t    \t\t    \t\t    \t\t    \t\t    \t\t    \t\t        <\/ul>\n\n<\/div><\/div>\n\n<div class=\"su-spoiler su-spoiler-style-font-size:defaultfancypx; su-spoiler-icon- formexpand extrainfo su-spoiler-closed\" data-scroll-offset=\"0\" data-anchor-in-url=\"no\"><div class=\"su-spoiler-title\" tabindex=\"0\" role=\"button\"><span class=\"su-spoiler-icon\"><\/span>Do you have additional information or photographs? Click Here to let us know<\/div><div class=\"su-spoiler-content su-u-clearfix su-u-trim\">\n<p>We are building our online archive. If you have further information or material on this hostel, please contact \u201945 Aid Society or fill in the form below.<\/p>\n<div class=\"wpforms-container wpforms-container-full hostelformcss\" id=\"wpforms-13120\"><form id=\"wpforms-form-13120\" class=\"wpforms-validate wpforms-form\" data-formid=\"13120\" method=\"post\" enctype=\"multipart\/form-data\" action=\"\/COPYLIVE\/wp-json\/wp\/v2\/pages\/8607?wpforms_form_id=13120\" data-token=\"bfaf9fdd0e8e38ba02f23a8c63e3bf85\"><noscript class=\"wpforms-error-noscript\">Please enable JavaScript in your browser to complete this form.<\/noscript><div class=\"wpforms-field-container\"><div id=\"wpforms-13120-field_7-container\" class=\"wpforms-field wpforms-field-html\" data-field-id=\"7\"><div id=\"wpforms-13120-field_7\"><\/div><\/div><div id=\"wpforms-13120-field_1-container\" class=\"wpforms-field wpforms-field-name\" data-field-id=\"1\"><label class=\"wpforms-field-label\" for=\"wpforms-13120-field_1\">Name <span class=\"wpforms-required-label\">*<\/span><\/label><div class=\"wpforms-field-row wpforms-field-medium\"><div class=\"wpforms-field-row-block wpforms-first wpforms-one-half\"><input type=\"text\" id=\"wpforms-13120-field_1\" class=\"wpforms-field-name-first wpforms-field-required\" name=\"wpforms[fields][1][first]\" required><label for=\"wpforms-13120-field_1\" class=\"wpforms-field-sublabel after \">First<\/label><\/div><div class=\"wpforms-field-row-block wpforms-one-half\"><input type=\"text\" id=\"wpforms-13120-field_1-last\" class=\"wpforms-field-name-last wpforms-field-required\" name=\"wpforms[fields][1][last]\" required><label for=\"wpforms-13120-field_1-last\" class=\"wpforms-field-sublabel after \">Last<\/label><\/div><\/div><\/div><div id=\"wpforms-13120-field_3-container\" class=\"wpforms-field wpforms-field-email\" data-field-id=\"3\"><label class=\"wpforms-field-label\" for=\"wpforms-13120-field_3\">Email <span class=\"wpforms-required-label\">*<\/span><\/label><input type=\"email\" id=\"wpforms-13120-field_3\" class=\"wpforms-field-medium wpforms-field-required\" name=\"wpforms[fields][3]\" required><\/div><div id=\"wpforms-13120-field_4-container\" class=\"wpforms-field wpforms-field-text\" data-field-id=\"4\"><label class=\"wpforms-field-label\" for=\"wpforms-13120-field_4\">Hostel Name<\/label><input type=\"text\" id=\"wpforms-13120-field_4\" class=\"wpforms-field-medium\" name=\"wpforms[fields][4]\" ><\/div><div id=\"wpforms-13120-field_6-container\" class=\"wpforms-field wpforms-field-textarea\" data-field-id=\"6\"><label class=\"wpforms-field-label\" for=\"wpforms-13120-field_6\">Additional Information<\/label><textarea id=\"wpforms-13120-field_6\" class=\"wpforms-field-medium\" name=\"wpforms[fields][6]\" ><\/textarea><\/div><div id=\"wpforms-13120-field_5-container\" class=\"wpforms-field wpforms-field-file-upload\" data-field-id=\"5\"><label class=\"wpforms-field-label\" for=\"wpforms-13120-field_5\">File Upload<\/label><div\n\t\tclass=\"wpforms-uploader\"\n\t\tdata-field-id=\"5\"\n\t\tdata-form-id=\"13120\"\n\t\tdata-input-name=\"wpforms_13120_5\"\n\t\tdata-extensions=\"jpg,jpeg,jpe,gif,png,bmp,tiff,tif,webp,ico,heic,asf,asx,wmv,wmx,wm,avi,divx,mov,qt,mpeg,mpg,mpe,mp4,m4v,ogv,webm,mkv,3gp,3gpp,3g2,3gp2,txt,asc,c,cc,h,srt,csv,tsv,ics,rtx,css,vtt,mp3,m4a,m4b,aac,ra,ram,wav,ogg,oga,flac,mid,midi,wma,wax,mka,rtf,pdf,class,tar,zip,gz,gzip,rar,7z,psd,xcf,doc,pot,pps,ppt,wri,xla,xls,xlt,xlw,mpp,docx,docm,dotx,dotm,xlsx,xlsm,xlsb,xltx,xltm,xlam,pptx,pptm,ppsx,ppsm,potx,potm,ppam,sldx,sldm,onetoc,onetoc2,onepkg,oxps,xps,odt,odp,ods,odg,odc,odb,odf,wp,wpd,key,numbers,pages,zif\"\n\t\tdata-max-size=\"33554432\"\n\t\tdata-max-file-number=\"1\"\n\t\tdata-post-max-size=\"33554432\"\n\t\tdata-max-parallel-uploads=\"4\"\n\t\tdata-parallel-uploads=\"true\"\n\t\tdata-file-chunk-size=\"2097152\">\n\t<div class=\"dz-message\">\n\t\t<svg viewBox=\"0 0 1024 1024\" focusable=\"false\" data-icon=\"inbox\" width=\"50px\" height=\"50px\" fill=\"#b1b1b1\" aria-hidden=\"true\">\n\t\t\t<path d=\"M885.2 446.3l-.2-.8-112.2-285.1c-5-16.1-19.9-27.2-36.8-27.2H281.2c-17 0-32.1 11.3-36.9 27.6L139.4 443l-.3.7-.2.8c-1.3 4.9-1.7 9.9-1 14.8-.1 1.6-.2 3.2-.2 4.8V830a60.9 60.9 0 0 0 60.8 60.8h627.2c33.5 0 60.8-27.3 60.9-60.8V464.1c0-1.3 0-2.6-.1-3.7.4-4.9 0-9.6-1.3-14.1zm-295.8-43l-.3 15.7c-.8 44.9-31.8 75.1-77.1 75.1-22.1 0-41.1-7.1-54.8-20.6S436 441.2 435.6 419l-.3-15.7H229.5L309 210h399.2l81.7 193.3H589.4zm-375 76.8h157.3c24.3 57.1 76 90.8 140.4 90.8 33.7 0 65-9.4 90.3-27.2 22.2-15.6 39.5-37.4 50.7-63.6h156.5V814H214.4V480.1z\"><\/path>\n\t\t<\/svg>\n\t\t<span class=\"modern-title\">Click or drag a file to this area to upload.<\/span>\n\n\t\t\t<\/div>\n<\/div>\n<input\n\t\ttype=\"text\"\n\t\tautocomplete=\"off\"\n\t\tclass=\"dropzone-input\"\n\t\tstyle=\"position:absolute!important;clip:rect(0,0,0,0)!important;height:1px!important;width:1px!important;border:0!important;overflow:hidden!important;padding:0!important;margin:0!important;\"\n\t\tid=\"wpforms-13120-field_5\"\n\t\tname=\"wpforms_13120_5\" \t\tvalue=\"\">\n<\/div><div id=\"wpforms-13120-field_8-container\" class=\"wpforms-field wpforms-field-checkbox\" data-field-id=\"8\"><label class=\"wpforms-field-label\" for=\"wpforms-13120-field_8\">Checkboxes <span class=\"wpforms-required-label\">*<\/span><\/label><ul id=\"wpforms-13120-field_8\" class=\"wpforms-field-required\"><li class=\"choice-1 depth-1\"><input type=\"checkbox\" id=\"wpforms-13120-field_8_1\" name=\"wpforms[fields][8][]\" value=\"  I accept the terms of &lt;a href=&quot;\/wp-content\/uploads\/2021\/10\/Privacy-policy.pdf&quot; target=&quot;_new&quot;&gt;Privacy Policy&lt;\/a&gt;,  &lt;a href=&quot;\/wp-content\/uploads\/2021\/10\/Website-Terms-Conditions.pdf&quot; target=&quot;_new&quot;&gt;Terms and Conditions&lt;\/a&gt;  and &lt;a href=&quot;\/wp-content\/uploads\/2021\/10\/Fair-Use-Policy.pdf&quot; target=&quot;_new&quot;&gt;Fair Use Policy&lt;\/a&gt; of this web site \" required ><label class=\"wpforms-field-label-inline\" for=\"wpforms-13120-field_8_1\">  I accept the terms of <a href=\"\/wp-content\/uploads\/2021\/10\/Privacy-policy.pdf\" target=\"_new\">Privacy Policy<\/a>,  <a href=\"\/wp-content\/uploads\/2021\/10\/Website-Terms-Conditions.pdf\" target=\"_new\">Terms and Conditions<\/a>  and <a href=\"\/wp-content\/uploads\/2021\/10\/Fair-Use-Policy.pdf\" target=\"_new\">Fair Use Policy<\/a> of this web site <\/label><\/li><\/ul><\/div><\/div><div class=\"wpforms-submit-container\"><input type=\"hidden\" name=\"wpforms[id]\" value=\"13120\"><input type=\"hidden\" name=\"wpforms[author]\" value=\"17\"><button type=\"submit\" name=\"wpforms[submit]\" id=\"wpforms-submit-13120\" class=\"wpforms-submit\" data-alt-text=\"Sending\u2026\" data-submit-text=\"Submit\" aria-live=\"assertive\" value=\"wpforms-submit\">Submit<\/button><\/div><\/form><\/div>  <!-- .wpforms-container -->\n<\/div><\/div>\n<\/div>\n<\/div><\/div><\/div><\/div><div id=\"pgc-8607-2-1\"  class=\"panel-grid-cell\" ><div id=\"panel-8607-2-1-0\" class=\"so-panel widget widget_sow-editor panel-first-child panel-last-child\" data-index=\"3\" ><div\n\t\t\t\n\t\t\tclass=\"so-widget-sow-editor so-widget-sow-editor-base\"\n\t\t\t\n\t\t><h3 class=\"widget-title\">The  Staff<\/h3>\n<div class=\"siteorigin-widget-tinymce textwidget\">\n\t<div class=\"su-accordion su-u-trim\"><div class=\"su-spoiler su-spoiler-style-default su-spoiler-icon-plus hostelexpand su-spoiler-closed\" data-scroll-offset=\"0\" data-anchor-in-url=\"no\"><div class=\"su-spoiler-title\" tabindex=\"0\" role=\"button\"><span class=\"su-spoiler-icon\"><\/span>Click to view<\/div><div class=\"su-spoiler-content su-u-clearfix su-u-trim\"><\/p>\n<p>The school in South Kensington was run by Mr A Lweinnek and a staff of six.<\/p>\n<p>Mrs Wilkinson taught dressmaking.<\/p>\n<p>The chief officer of the ORT Training ship, <em>the Joseph Hertz<\/em>, was Captain N.F. Israel, a World War Two veteran who had been in Battle of the Atlantic.<\/p>\n<p><\/div><\/div><br \/>\n<\/div>\n<\/div>\n<\/div><\/div><\/div><\/div><\/div>","protected":false},"excerpt":{"rendered":"<p>Zyskind was born in Piotrkow, Poland and was in the Piotrk\u00f3w ghetto, which was the first to be established on occupied Polish territory.\u00a0<\/p>\n","protected":false},"author":1,"featured_media":0,"parent":7587,"menu_order":0,"comment_status":"closed","ping_status":"closed","template":"","meta":[],"_links":{"self":[{"href":"https:\/\/dev.45aid.org\/COPYLIVE\/wp-json\/wp\/v2\/pages\/8607"}],"collection":[{"href":"https:\/\/dev.45aid.org\/COPYLIVE\/wp-json\/wp\/v2\/pages"}],"about":[{"href":"https:\/\/dev.45aid.org\/COPYLIVE\/wp-json\/wp\/v2\/types\/page"}],"author":[{"embeddable":true,"href":"https:\/\/dev.45aid.org\/COPYLIVE\/wp-json\/wp\/v2\/users\/1"}],"replies":[{"embeddable":true,"href":"https:\/\/dev.45aid.org\/COPYLIVE\/wp-json\/wp\/v2\/comments?post=8607"}],"version-history":[{"count":0,"href":"https:\/\/dev.45aid.org\/COPYLIVE\/wp-json\/wp\/v2\/pages\/8607\/revisions"}],"up":[{"embeddable":true,"href":"https:\/\/dev.45aid.org\/COPYLIVE\/wp-json\/wp\/v2\/pages\/7587"}],"wp:attachment":[{"href":"https:\/\/dev.45aid.org\/COPYLIVE\/wp-json\/wp\/v2\/media?parent=8607"}],"curies":[{"name":"wp","href":"https:\/\/api.w.org\/{rel}","templated":true}]}}