{"id":24300,"date":"2024-12-09T12:56:58","date_gmt":"2024-12-09T12:56:58","guid":{"rendered":"https:\/\/dev.45aid.org\/COPYLIVE\/?page_id=24300"},"modified":"2024-12-17T15:48:08","modified_gmt":"2024-12-17T15:48:08","slug":"ghettos","status":"publish","type":"page","link":"https:\/\/dev.45aid.org\/COPYLIVE\/ghettos\/","title":{"rendered":"Ghettos"},"content":{"rendered":"<div id=\"pl-24300\"  class=\"panel-layout\" ><div id=\"pg-24300-0\"  class=\"panel-grid panel-no-style\" ><div id=\"pgc-24300-0-0\"  class=\"panel-grid-cell\" ><div id=\"panel-24300-0-0-0\" class=\"so-panel widget widget_sow-editor panel-first-child panel-last-child\" data-index=\"0\" ><div\n\t\t\t\n\t\t\tclass=\"so-widget-sow-editor so-widget-sow-editor-base\"\n\t\t\t\n\t\t>\n<div class=\"siteorigin-widget-tinymce textwidget\">\n\t<h3>Belarus<\/h3>\n<p>Iwieniec (now Ivyanets)<\/p>\n<p>Czech Republic<\/p>\n<p>Slatina<\/p>\n<p>Theresienstadt (new Terezin)<\/p>\n<h3>Hungary<\/h3>\n<p>Budapest<\/p>\n<p>Debrecen<\/p>\n<p>Kisvarda<\/p>\n<p>Matesalzka<\/p>\n<p>Monor<\/p>\n<p>Nyiregyhaza<\/p>\n<p>Storaljaujhely<\/p>\n<h3>Latvia<\/h3>\n<p>Riga Ghetto<\/p>\n<h3>Lithuania<\/h3>\n<p>Kovno Ghetto (now Kaunas)<\/p>\n<p>Vilna Ghetto (now Vilnius)<\/p>\n<h3>Romania<\/h3>\n<p>Satu-Mare<\/p>\n<p>Sighet<\/p>\n<p>Viseul<\/p>\n<h3>Slovakia<\/h3>\n<p>Kosice<\/p>\n<h3>Ukraine<\/h3>\n<p>Berehove<\/p>\n<p>Chust<\/p>\n<p>Mukachevo<\/p>\n<p>Lwow (now Lviv)<\/p>\n<p>Lutsk<\/p>\n<p>Sevlus\/ Nagyszollos (now Vinogradiv)<\/p>\n<p>Trembowla Ghetto (now Terebovila)<\/p>\n<h3>TBC<\/h3>\n<p>Misdzyko<\/p>\n<p>Niris<\/p>\n<\/div>\n<\/div><\/div><\/div><div id=\"pgc-24300-0-1\"  class=\"panel-grid-cell\" ><div id=\"panel-24300-0-1-0\" class=\"so-panel widget widget_sow-editor panel-first-child panel-last-child\" data-index=\"1\" ><div\n\t\t\t\n\t\t\tclass=\"so-widget-sow-editor so-widget-sow-editor-base\"\n\t\t\t\n\t\t>\n<div class=\"siteorigin-widget-tinymce textwidget\">\n\t<h3>Poland<\/h3>\n<p>Bedzin<\/p>\n<p>Bialystok<\/p>\n<p>Bobowa<\/p>\n<p>Bodzentyn<\/p>\n<p>Bialobrzegi<\/p>\n<p>Brzozow<\/p>\n<p>Budzanow<\/p>\n<p>Chmielnik<\/p>\n<p>Gorlice ?<\/p>\n<p>Demblin-Irena<\/p>\n<p>Dzialoszyn<\/p>\n<p>Dzialoszyce.<\/p>\n<p>Glowaczow<\/p>\n<p>Gyorsziget<\/p>\n<p>Jawiszowice<\/p>\n<p>Kielce<\/p>\n<p>Kziaz Wielki<\/p>\n<p>Koprzewicna<\/p>\n<p>Kozienice<\/p>\n<p>Krakow<\/p>\n<p>Legionowo<\/p>\n<p>\u0141\u00f3d\u017a-Litzmannstadt<\/p>\n<p>Krosno<\/p>\n<p>Modrzejow<\/p>\n<p>Ostrowiec<\/p>\n<p>Plock<\/p>\n<p>Piotrkow<\/p>\n<p>Praszka<\/p>\n<p>Pulawy<\/p>\n<p>Rabka-Zdroj<\/p>\n<p>Radom<\/p>\n<p>Ryki<\/p>\n<p>Rymanow<\/p>\n<p>Rzesz\u00f3w<\/p>\n<p>Skalbmierz<\/p>\n<p>Starachowice<\/p>\n<p>Strzemiesyce<\/p>\n<p>Warsaw<\/p>\n<p>Weilun<\/p>\n<p>Wierzbnik<\/p>\n<p>Wilanow<\/p>\n<p>Tacovo<\/p>\n<p>Zdunska Wola<\/p>\n<\/div>\n<\/div><\/div><\/div><\/div><\/div>","protected":false},"excerpt":{"rendered":"<p>Belarus Iwieniec (now Ivyanets) Czech Republic Slatina Theresienstadt (new Terezin) Hungary Budapest Debrecen Kisvarda Matesalzka Monor Nyiregyhaza Storaljaujhely Latvia Riga Ghetto Lithuania Kovno Ghetto (now Kaunas) Vilna Ghetto (now Vilnius) Romania Satu-Mare Sighet Viseul Slovakia Kosice Ukraine Berehove Chust Mukachevo Lwow (now Lviv) Lutsk Sevlus\/ Nagyszollos (now Vinogradiv) Trembowla Ghetto (now Terebovila) TBC Misdzyko Niris<\/p>\n","protected":false},"author":8,"featured_media":0,"parent":0,"menu_order":0,"comment_status":"closed","ping_status":"closed","template":"","meta":[],"_links":{"self":[{"href":"https:\/\/dev.45aid.org\/COPYLIVE\/wp-json\/wp\/v2\/pages\/24300"}],"collection":[{"href":"https:\/\/dev.45aid.org\/COPYLIVE\/wp-json\/wp\/v2\/pages"}],"about":[{"href":"https:\/\/dev.45aid.org\/COPYLIVE\/wp-json\/wp\/v2\/types\/page"}],"author":[{"embeddable":true,"href":"https:\/\/dev.45aid.org\/COPYLIVE\/wp-json\/wp\/v2\/users\/8"}],"replies":[{"embeddable":true,"href":"https:\/\/dev.45aid.org\/COPYLIVE\/wp-json\/wp\/v2\/comments?post=24300"}],"version-history":[{"count":2,"href":"https:\/\/dev.45aid.org\/COPYLIVE\/wp-json\/wp\/v2\/pages\/24300\/revisions"}],"predecessor-version":[{"id":24533,"href":"https:\/\/dev.45aid.org\/COPYLIVE\/wp-json\/wp\/v2\/pages\/24300\/revisions\/24533"}],"wp:attachment":[{"href":"https:\/\/dev.45aid.org\/COPYLIVE\/wp-json\/wp\/v2\/media?parent=24300"}],"curies":[{"name":"wp","href":"https:\/\/api.w.org\/{rel}","templated":true}]}}